{"id":265,"date":"2025-08-12T14:37:32","date_gmt":"2025-08-12T14:37:32","guid":{"rendered":"https:\/\/greenconceptactivities.ma\/?page_id=265"},"modified":"2025-08-30T09:22:51","modified_gmt":"2025-08-30T09:22:51","slug":"packs-activites-ifrane","status":"publish","type":"page","link":"https:\/\/greenconceptactivities.ma\/index.php\/packs-activites-ifrane\/","title":{"rendered":"Packs Activit\u00e9s."},"content":{"rendered":"\n<blockquote class=\"wp-block-quote is-layout-flow wp-block-quote-is-layout-flow\">\n<p>Nos packs d\u2019activit\u00e9s sont propos\u00e9s \u00e0 partir de 15 participants minimum.<\/p>\n<\/blockquote>\n\n\n\n<!-- D\u00e9but : Packs avec WhatsApp + Popup D\u00e9tails -->\n<style>\n  .packs-container {\n    max-width: 1100px;\n    margin: 0 auto;\n    padding: 18px;\n    font-family: system-ui, -apple-system, \"Segoe UI\", Roboto, \"Helvetica Neue\", Arial;\n  }\n  .packs-grid {\n    display: grid;\n    grid-template-columns: 1fr;\n    gap: 50px;\n  }\n  @media (min-width: 700px) {\n    .packs-grid { grid-template-columns: repeat(3, 1fr); }\n  }\n  .pack-card {\n    background: #ffffff;\n    border: 1px solid #e6e6e6;\n    border-radius: 14px;\n    padding: 18px;\n    box-shadow: 0 6px 18px rgba(0,0,0,0.04);\n    display: flex;\n    flex-direction: column;\n    height: 100%;\n  }\n  .pack-header {\n    display:flex;\n    justify-content: space-between;\n    align-items: center;\n    margin-bottom: 12px;\n  }\n  .pack-title {\n    font-size: 1.15rem;\n    font-weight: 700;\n    margin: 0;\n  }\n  .pack-price {\n    background: linear-gradient(90deg,#1db954,#0ea5a8);\n    color: #fff;\n    padding: 8px 12px;\n    border-radius: 999px;\n    font-weight: 700;\n    font-size: 1rem;\n  }\n  .activities {\n    list-style: none;\n    padding: 0;\n    margin: 10px 0 16px 0;\n    flex-grow: 1;\n  }\n  .activities li {\n    display:flex;\n    align-items:center;\n    gap:10px;\n    padding: 8px 0;\n    border-bottom: 1px dashed #f0f0f0;\n    font-size: 0.98rem;\n  }\n  .activities li:last-child { border-bottom: none; }\n  .dot {\n    min-width: 10px;\n    height: 10px;\n    border-radius: 50%;\n    background: #34d399;\n    box-shadow: 0 0 0 6px rgba(52,211,153,0.06);\n  }\n  .pack-footer {\n    display:flex;\n    gap:8px;\n    justify-content: space-between;\n    align-items:center;\n    margin-top: 12px;\n  }\n  .btn {\n    display:inline-block;\n    padding: 10px 14px;\n    border-radius: 10px;\n    text-decoration:none;\n    font-weight: 700;\n    border: none;\n    cursor: pointer;\n  }\n  .btn-primary {\n    background: #0f766e;\n    color: #fff;\n  }\n  .btn-outline {\n    background: transparent;\n    color: #0f766e;\n    border: 1px solid #0f766e;\n  }\n  .small-note {\n    font-size: 0.85rem;\n    color:#666;\n  }\n\n  \/* Styles popup *\/\n  .popup-overlay {\n    display: none;\n    position: fixed;\n    top:0; left:0; width:100%; height:100%;\n    background: rgba(0,0,0,0.6);\n    z-index: 9998;\n  }\n  .popup-content {\n    background: #fff;\n    max-width: 500px;\n    margin: 80px auto;\n    padding: 20px;\n    border-radius: 14px;\n    position: relative;\n    z-index: 9999;\n    animation: fadeIn 0.3s ease;\n  }\n  .popup-close {\n    position: absolute;\n    top: 12px;\n    right: 12px;\n    font-size: 1.2rem;\n    cursor: pointer;\n    background: none;\n    border: none;\n    color: #555;\n  }\n  @keyframes fadeIn {\n    from { opacity: 0; transform: translateY(-20px); }\n    to { opacity: 1; transform: translateY(0); }\n  }\n<\/style>\n\n<section class=\"packs-container\">\n  <div class=\"packs-grid\">\n\n    <!-- Pack Green -->\n    <article class=\"pack-card\">\n      <div class=\"pack-header\">\n        <h3 class=\"pack-title\">Pack Green<\/h3>\n        <div class=\"pack-price\">250&nbsp;DH<\/div>\n      <\/div>\n      <ul class=\"activities\">\n        <li><span class=\"dot\"><\/span>Tir \u00e0 la cible<\/li>\n        <li><span class=\"dot\"><\/span>Quad<\/li>\n      <\/ul>\n      <div class=\"pack-footer\">\n        <a class=\"btn btn-primary\" target=\"_blank\" href=\"https:\/\/wa.me\/+212648168409?text=Bonjour,%20je%20souhaite%20r\u00e9server%20le%20Pack%20Green%20(250DH)\">R\u00e9server<\/a>\n        <button class=\"btn btn-outline\" onclick=\"openPopup('popup-green')\">D\u00e9tails<\/button>\n      <\/div>\n    <\/article>\n\n    <!-- Pack Hibri -->\n    <article class=\"pack-card\">\n      <div class=\"pack-header\">\n        <h3 class=\"pack-title\">Pack Hibri<\/h3>\n        <div class=\"pack-price\">300&nbsp;DH<\/div>\n      <\/div>\n      <ul class=\"activities\">\n        <li><span class=\"dot\"><\/span>Paintball<\/li>\n        <li><span class=\"dot\"><\/span>Segway<\/li>\n        <li><span class=\"dot\"><\/span>Quad<\/li>\n      <\/ul>\n      <div class=\"pack-footer\">\n        <a class=\"btn btn-primary\" target=\"_blank\" href=\"https:\/\/wa.me\/+212648168409?text=Bonjour,%20je%20souhaite%20r\u00e9server%20le%20Pack%20Hibri%20(300DH)\">R\u00e9server<\/a>\n        <button class=\"btn btn-outline\" onclick=\"openPopup('popup-hibri')\">D\u00e9tails<\/button>\n      <\/div>\n    <\/article>\n\n    <!-- Pack Michlifen -->\n    <article class=\"pack-card\">\n      <div class=\"pack-header\">\n        <h3 class=\"pack-title\">Pack Michlifen<\/h3>\n        <div class=\"pack-price\">350&nbsp;DH<\/div>\n      <\/div>\n      <ul class=\"activities\">\n        <li><span class=\"dot\"><\/span>Paintball<\/li>\n        <li><span class=\"dot\"><\/span>Segway<\/li>\n        <li><span class=\"dot\"><\/span>V\u00e9lo<\/li>\n        <li><span class=\"dot\"><\/span>Ninebot<\/li>\n      <\/ul>\n      <div class=\"pack-footer\">\n        <a class=\"btn btn-primary\" target=\"_blank\" href=\"https:\/\/wa.me\/+212648168409?text=Bonjour,%20je%20souhaite%20r\u00e9server%20le%20Pack%20Michlifen%20(350DH)\">R\u00e9server<\/a>\n        <button class=\"btn btn-outline\" onclick=\"openPopup('popup-mich')\">D\u00e9tails<\/button>\n      <\/div>\n    <\/article>\n\n    <!-- Pack Vitel -->\n    <article class=\"pack-card\">\n      <div class=\"pack-header\">\n        <h3 class=\"pack-title\">Pack Vitel<\/h3>\n        <div class=\"pack-price\">400&nbsp;DH<\/div>\n      <\/div>\n      <ul class=\"activities\">\n        <li><span class=\"dot\"><\/span>Paintball<\/li>\n        <li><span class=\"dot\"><\/span>Segway<\/li>\n        <li><span class=\"dot\"><\/span>V\u00e9lo<\/li>\n        <li><span class=\"dot\"><\/span>Trottinette<\/li>\n        <li><span class=\"dot\"><\/span>Quad<\/li>\n      <\/ul>\n      <div class=\"pack-footer\">\n        <a class=\"btn btn-primary\" target=\"_blank\" href=\"https:\/\/wa.me\/+212648168409?text=Bonjour,%20je%20souhaite%20r\u00e9server%20le%20Pack%20Vitel%20(400DH)\">R\u00e9server<\/a>\n        <button class=\"btn btn-outline\" onclick=\"openPopup('popup-vitel')\">D\u00e9tails<\/button>\n      <\/div>\n    <\/article>\n  <\/div>\n<\/section>\n\n<!-- Popups -->\n<div id=\"popup-green\" class=\"popup-overlay\">\n  <div class=\"popup-content\">\n    <button class=\"popup-close\" onclick=\"closePopup('popup-green')\">&times;<\/button>\n    <h2>Pack Green &#8211; 250 DH<\/h2>\n    <p>Inclus :<\/p>\n    <ul>\n      <li>Tir \u00e0 la cible : 50 balls <\/li>\n      <li>Quad : 30min\/pax<\/li>\n    <\/ul>\n    <p>Dur\u00e9e : 1h \u2022 Id\u00e9al pour d\u00e9butants et familles<\/p>\n  <\/div>\n<\/div>\n\n<div id=\"popup-hibri\" class=\"popup-overlay\">\n  <div class=\"popup-content\">\n    <button class=\"popup-close\" onclick=\"closePopup('popup-hibri')\">&times;<\/button>\n    <h2>Pack Hibri &#8211; 300 DH<\/h2>\n    <p>Inclus :<\/p>\n    <ul>\n      <li>Paintball : 50 balls<\/li>\n      <li>Segway : 30 min<\/li>\n      <li>Quad : 30 min\/pax<\/li>\n    <\/ul>\n    <p>Dur\u00e9e : 1h30 \u2022 Activit\u00e9s vari\u00e9es pour sensations fortes<\/p>\n  <\/div>\n<\/div>\n\n<div id=\"popup-mich\" class=\"popup-overlay\">\n  <div class=\"popup-content\">\n    <button class=\"popup-close\" onclick=\"closePopup('popup-mich')\">&times;<\/button>\n    <h2>Pack Michlifen &#8211; 350 DH<\/h2>\n    <p>Inclus :<\/p>\n    <ul>\n      <li>Paintball : 50 balls<\/li>\n      <li>Segway : 30 min <\/li>\n      <li>V\u00e9lo : 30 min<\/li>\n      <li>Ninebot : 30 min <\/li>\n    <\/ul>\n    <p>Dur\u00e9e : 2h \u2022 Parfait pour une journ\u00e9e compl\u00e8te d\u2019aventures<\/p>\n  <\/div>\n<\/div>\n\n<div id=\"popup-vitel\" class=\"popup-overlay\">\n  <div class=\"popup-content\">\n    <button class=\"popup-close\" onclick=\"closePopup('popup-vitel')\">&times;<\/button>\n    <h2>Pack Vitel &#8211; 400 DH<\/h2>\n    <p>Inclus :<\/p>\n    <ul>\n      <li>Paintball : 50 balls<\/li>\n      <li>Segway : 30min <\/li>\n      <li>V\u00e9lo : 30min<\/li>\n      <li>Trottinette : 30 min <\/li>\n      <li>Quad : 30 min\/pax<\/li>\n    <\/ul>\n    <p>Dur\u00e9e : 2h30 \u2022 Le pack le plus complet pour les amateurs d&rsquo;adr\u00e9naline<\/p>\n  <\/div>\n<\/div>\n\n<!-- JS Popups -->\n<script>\n  function openPopup(id) {\n    document.getElementById(id).style.display = 'block';\n  }\n  function closePopup(id) {\n    document.getElementById(id).style.display = 'none';\n  }\n<\/script>\n\n\n\n<p><\/p>\n","protected":false},"excerpt":{"rendered":"<p>Nos packs d\u2019activit\u00e9s sont propos\u00e9s \u00e0 partir de 15 participants minimum. Pack Green 250&nbsp;DH Tir \u00e0 la cible Quad R\u00e9server D\u00e9tails Pack Hibri 300&nbsp;DH Paintball Segway Quad R\u00e9server D\u00e9tails Pack Michlifen 350&nbsp;DH Paintball Segway V\u00e9lo Ninebot R\u00e9server D\u00e9tails Pack Vitel 400&nbsp;DH Paintball Segway V\u00e9lo Trottinette Quad R\u00e9server D\u00e9tails &times; Pack Green &#8211; 250 DH Inclus [&hellip;]<\/p>\n","protected":false},"author":2,"featured_media":0,"parent":0,"menu_order":0,"comment_status":"closed","ping_status":"closed","template":"","meta":{"footnotes":""},"class_list":["post-265","page","type-page","status-publish","hentry"],"_links":{"self":[{"href":"https:\/\/greenconceptactivities.ma\/index.php\/wp-json\/wp\/v2\/pages\/265","targetHints":{"allow":["GET"]}}],"collection":[{"href":"https:\/\/greenconceptactivities.ma\/index.php\/wp-json\/wp\/v2\/pages"}],"about":[{"href":"https:\/\/greenconceptactivities.ma\/index.php\/wp-json\/wp\/v2\/types\/page"}],"author":[{"embeddable":true,"href":"https:\/\/greenconceptactivities.ma\/index.php\/wp-json\/wp\/v2\/users\/2"}],"replies":[{"embeddable":true,"href":"https:\/\/greenconceptactivities.ma\/index.php\/wp-json\/wp\/v2\/comments?post=265"}],"version-history":[{"count":14,"href":"https:\/\/greenconceptactivities.ma\/index.php\/wp-json\/wp\/v2\/pages\/265\/revisions"}],"predecessor-version":[{"id":284,"href":"https:\/\/greenconceptactivities.ma\/index.php\/wp-json\/wp\/v2\/pages\/265\/revisions\/284"}],"wp:attachment":[{"href":"https:\/\/greenconceptactivities.ma\/index.php\/wp-json\/wp\/v2\/media?parent=265"}],"curies":[{"name":"wp","href":"https:\/\/api.w.org\/{rel}","templated":true}]}}